{"id":36,"date":"2023-01-25T00:05:58","date_gmt":"2023-01-24T22:05:58","guid":{"rendered":"https:\/\/beter.company.local\/our-services"},"modified":"2023-03-22T14:09:49","modified_gmt":"2023-03-22T12:09:49","slug":"our-services","status":"publish","type":"page","link":"https:\/\/beter.company\/cs\/our-services","title":{"rendered":"Na\u0161e slu\u017eby"},"content":{"rendered":"\n<p class=\"has-text-align-center\">Poskytujeme IT \u0159e\u0161en\u00ed<br>a slu\u017eby v\u00fdvoje softwaru na m\u00edru, kter\u00e9 odemykaj\u00ed potenci\u00e1l podnik\u016f v jak\u00e9mkoli odv\u011btv\u00ed.<\/p>\n","protected":false},"excerpt":{"rendered":"<p>Poskytujeme IT \u0159e\u0161en\u00eda slu\u017eby v\u00fdvoje softwaru na m\u00edru, kter\u00e9 odemykaj\u00ed potenci\u00e1l podnik\u016f v jak\u00e9mkoli odv\u011btv\u00ed.<\/p>\n","protected":false},"author":1,"featured_media":0,"parent":0,"menu_order":0,"comment_status":"closed","ping_status":"closed","template":"page-services.php","meta":{"inline_featured_image":false,"footnotes":""},"_links":{"self":[{"href":"https:\/\/beter.company\/cs\/wp-json\/wp\/v2\/pages\/36"}],"collection":[{"href":"https:\/\/beter.company\/cs\/wp-json\/wp\/v2\/pages"}],"about":[{"href":"https:\/\/beter.company\/cs\/wp-json\/wp\/v2\/types\/page"}],"author":[{"embeddable":true,"href":"https:\/\/beter.company\/cs\/wp-json\/wp\/v2\/users\/1"}],"replies":[{"embeddable":true,"href":"https:\/\/beter.company\/cs\/wp-json\/wp\/v2\/comments?post=36"}],"version-history":[{"count":4,"href":"https:\/\/beter.company\/cs\/wp-json\/wp\/v2\/pages\/36\/revisions"}],"predecessor-version":[{"id":49,"href":"https:\/\/beter.company\/cs\/wp-json\/wp\/v2\/pages\/36\/revisions\/49"}],"wp:attachment":[{"href":"https:\/\/beter.company\/cs\/wp-json\/wp\/v2\/media?parent=36"}],"curies":[{"name":"wp","href":"https:\/\/api.w.org\/{rel}","templated":true}]}}