{"id":28,"date":"2023-01-24T23:58:53","date_gmt":"2023-01-24T21:58:53","guid":{"rendered":"https:\/\/beter.company.local\/about-beter-tech"},"modified":"2023-03-19T22:14:34","modified_gmt":"2023-03-19T20:14:34","slug":"about-beter-tech","status":"publish","type":"page","link":"https:\/\/beter.company\/cs\/about-beter-tech","title":{"rendered":"O spole\u010dnosti BETER TECH"},"content":{"rendered":"\n<p>Spole\u010dnost BETER TECH s.r.o. poskytuje firm\u00e1m r\u016fzn\u00fdch velikost\u00ed \u0161irokou \u0161k\u00e1lu IT \u0159e\u0161en\u00ed, slu\u017eeb a n\u00e1stroj\u016f pro v\u00fdvoj softwaru a spolupracuje se z\u00e1kazn\u00edky z cel\u00e9ho sv\u011bta. Jsme t\u00fdm zku\u0161en\u00fdch a nad\u0161en\u00fdch talent\u016f, kte\u0159\u00ed ne\u00fanavn\u011b pracuj\u00ed na transformaci podnik\u016f, inovac\u00edch a utv\u00e1\u0159en\u00ed budoucnosti odv\u011btv\u00ed.<\/p>\n\n\n\n<p>V\u011b\u0159\u00edme, \u017ee podpora je z\u00e1sadn\u00ed.<\/p>\n\n\n\n<p>Proto na\u0161im z\u00e1kazn\u00edk\u016fm poskytujeme produkty na m\u00edru, kter\u00e9 zd\u016fraz\u0148uj\u00ed jejich individualitu a odli\u0161uj\u00ed je od konkurence.<\/p>\n\n\n\n<p>Propojujeme hlubok\u00e9 znalosti oboru, osv\u011bd\u010den\u00e9 postupy a nejnov\u011bj\u0161\u00ed IT technologie a vytv\u00e1\u0159\u00edme \u0159e\u0161en\u00ed a produkty na m\u00edru, je\u017e dokonale spl\u0148uj\u00ed pot\u0159eby u\u017eivatel\u016f na\u0161ich z\u00e1kazn\u00edk\u016f. D\u00edky v\u00edce ne\u017e desetilet\u00fdm zku\u0161enostem v oblasti IT a digit\u00e1ln\u00ed transformace vyv\u00edj\u00edme komplexn\u00ed \u0159e\u0161en\u00ed zalo\u017een\u00e1 na datech, kter\u00e1 p\u0159in\u00e1\u0161ej\u00ed pozitivn\u00ed zm\u011bny.<\/p>\n\n\n\n<p><\/p>\n\n\n\n<p><\/p>\n\n\n\n<p>Zjist\u011bte, jak v\u00e1m BETER TECH m\u016f\u017ee pomoci zlep\u0161it v\u00fdkonnost. Kontaktujte n\u00e1s!<\/p>\n","protected":false},"excerpt":{"rendered":"<p>Spole\u010dnost BETER TECH s.r.o. poskytuje firm\u00e1m r\u016fzn\u00fdch velikost\u00ed \u0161irokou \u0161k\u00e1lu IT \u0159e\u0161en\u00ed, slu\u017eeb a n\u00e1stroj\u016f pro v\u00fdvoj softwaru a spolupracuje se z\u00e1kazn\u00edky z cel\u00e9ho sv\u011bta. Jsme t\u00fdm zku\u0161en\u00fdch a nad\u0161en\u00fdch talent\u016f, kte\u0159\u00ed ne\u00fanavn\u011b pracuj\u00ed na transformaci podnik\u016f, inovac\u00edch a utv\u00e1\u0159en\u00ed budoucnosti odv\u011btv\u00ed. V\u011b\u0159\u00edme, \u017ee podpora je z\u00e1sadn\u00ed. Proto na\u0161im z\u00e1kazn\u00edk\u016fm poskytujeme produkty na m\u00edru, kter\u00e9 [&hellip;]<\/p>\n","protected":false},"author":1,"featured_media":0,"parent":0,"menu_order":0,"comment_status":"closed","ping_status":"closed","template":"page-about.php","meta":{"inline_featured_image":false,"footnotes":""},"_links":{"self":[{"href":"https:\/\/beter.company\/cs\/wp-json\/wp\/v2\/pages\/28"}],"collection":[{"href":"https:\/\/beter.company\/cs\/wp-json\/wp\/v2\/pages"}],"about":[{"href":"https:\/\/beter.company\/cs\/wp-json\/wp\/v2\/types\/page"}],"author":[{"embeddable":true,"href":"https:\/\/beter.company\/cs\/wp-json\/wp\/v2\/users\/1"}],"replies":[{"embeddable":true,"href":"https:\/\/beter.company\/cs\/wp-json\/wp\/v2\/comments?post=28"}],"version-history":[{"count":5,"href":"https:\/\/beter.company\/cs\/wp-json\/wp\/v2\/pages\/28\/revisions"}],"predecessor-version":[{"id":33,"href":"https:\/\/beter.company\/cs\/wp-json\/wp\/v2\/pages\/28\/revisions\/33"}],"wp:attachment":[{"href":"https:\/\/beter.company\/cs\/wp-json\/wp\/v2\/media?parent=28"}],"curies":[{"name":"wp","href":"https:\/\/api.w.org\/{rel}","templated":true}]}}