{"id":21,"date":"2023-01-24T16:23:32","date_gmt":"2023-01-24T14:23:32","guid":{"rendered":"https:\/\/beter.company.local\/sample-page"},"modified":"2023-03-19T22:07:59","modified_gmt":"2023-03-19T20:07:59","slug":"sample-page","status":"publish","type":"page","link":"https:\/\/beter.company\/cs","title":{"rendered":"IT slu\u017eby, v\u00fdvoj softwaru a datov\u00e1 \u0159e\u0161en\u00ed pro va\u0161e digit\u00e1ln\u00ed"},"content":{"rendered":"\n<p class=\"has-text-align-center\">Zlep\u0161ete svou obchodn\u00ed v\u00fdkonnost pomoc\u00ed \u0161k\u00e1lovateln\u00fdch, vysoce v\u00fdkonn\u00fdch softwarov\u00fdch \u0159e\u0161en\u00ed navr\u017een\u00fdch podle va\u0161ich pot\u0159eb a odemkn\u011bte nov\u00e9 p\u0159\u00edle\u017eitosti.<\/p>\n","protected":false},"excerpt":{"rendered":"<p>Zlep\u0161ete svou obchodn\u00ed v\u00fdkonnost pomoc\u00ed \u0161k\u00e1lovateln\u00fdch, vysoce v\u00fdkonn\u00fdch softwarov\u00fdch \u0159e\u0161en\u00ed navr\u017een\u00fdch podle va\u0161ich pot\u0159eb a odemkn\u011bte nov\u00e9 p\u0159\u00edle\u017eitosti.<\/p>\n","protected":false},"author":1,"featured_media":0,"parent":0,"menu_order":0,"comment_status":"closed","ping_status":"open","template":"","meta":{"inline_featured_image":false,"footnotes":""},"_links":{"self":[{"href":"https:\/\/beter.company\/cs\/wp-json\/wp\/v2\/pages\/21"}],"collection":[{"href":"https:\/\/beter.company\/cs\/wp-json\/wp\/v2\/pages"}],"about":[{"href":"https:\/\/beter.company\/cs\/wp-json\/wp\/v2\/types\/page"}],"author":[{"embeddable":true,"href":"https:\/\/beter.company\/cs\/wp-json\/wp\/v2\/users\/1"}],"replies":[{"embeddable":true,"href":"https:\/\/beter.company\/cs\/wp-json\/wp\/v2\/comments?post=21"}],"version-history":[{"count":6,"href":"https:\/\/beter.company\/cs\/wp-json\/wp\/v2\/pages\/21\/revisions"}],"predecessor-version":[{"id":27,"href":"https:\/\/beter.company\/cs\/wp-json\/wp\/v2\/pages\/21\/revisions\/27"}],"wp:attachment":[{"href":"https:\/\/beter.company\/cs\/wp-json\/wp\/v2\/media?parent=21"}],"curies":[{"name":"wp","href":"https:\/\/api.w.org\/{rel}","templated":true}]}}